{"id":327,"date":"2022-06-27T16:01:23","date_gmt":"2022-06-27T14:01:23","guid":{"rendered":"https:\/\/lvcim.com\/?page_id=327"},"modified":"2025-04-23T11:25:10","modified_gmt":"2025-04-23T09:25:10","slug":"nous-recrutons","status":"publish","type":"page","link":"https:\/\/lvcim.com\/en\/nous-recrutons\/","title":{"rendered":"RECRUTEMENT"},"content":{"rendered":"<p>[et_pb_section fb_built=\u00a0\u00bb1&Prime; fullwidth=\u00a0\u00bbon\u00a0\u00bb _builder_version=\u00a0\u00bb4.17.6&Prime; _module_preset=\u00a0\u00bbdefault\u00a0\u00bb background_color=\u00a0\u00bb#031931&Prime; filter_saturate=\u00a0\u00bb40%\u00a0\u00bb filter_brightness=\u00a0\u00bb82%\u00a0\u00bb filter_contrast=\u00a0\u00bb156%\u00a0\u00bb global_colors_info=\u00a0\u00bb{}\u00a0\u00bb][et_pb_fullwidth_header title=\u00a0\u00bbJob Seekers\u00a0\u00bb subhead=\u00a0\u00bbRejoignez les \u00e9quipes LVCim !\u00a0\u00bb content_max_width=\u00a0\u00bb900px\u00a0\u00bb _builder_version=\u00a0\u00bb4.17.6&Prime; title_font=\u00a0\u00bbPoppins|600||on|||||\u00a0\u00bb title_font_size=\u00a0\u00bb18px\u00a0\u00bb title_letter_spacing=\u00a0\u00bb4px\u00a0\u00bb title_line_height=\u00a0\u00bb1.8em\u00a0\u00bb content_font=\u00a0\u00bb||||||||\u00a0\u00bb subhead_font=\u00a0\u00bbRaleway|700|||||||\u00a0\u00bb subhead_font_size=\u00a0\u00bb50px\u00a0\u00bb subhead_line_height=\u00a0\u00bb1.4em\u00a0\u00bb background_color=\u00a0\u00bbrgba(126,190,197,0)\u00a0\u00bb use_background_color_gradient=\u00a0\u00bbon\u00a0\u00bb background_color_gradient_direction=\u00a0\u00bb90deg\u00a0\u00bb background_color_gradient_stops=\u00a0\u00bb#000dff 25%|rgba(0,13,255,0.7) 75%\u00a0\u00bb background_color_gradient_overlays_image=\u00a0\u00bbon\u00a0\u00bb background_color_gradient_start=\u00a0\u00bb#000dff\u00a0\u00bb background_color_gradient_start_position=\u00a0\u00bb25%\u00a0\u00bb background_color_gradient_end=\u00a0\u00bbrgba(0,13,255,0.7)\u00a0\u00bb background_color_gradient_end_position=\u00a0\u00bb75%\u00a0\u00bb custom_button_one=\u00a0\u00bbon\u00a0\u00bb button_one_text_size=\u00a0\u00bb14px\u00a0\u00bb button_one_bg_color=\u00a0\u00bb#29cb8b\u00a0\u00bb button_one_border_width=\u00a0\u00bb12px\u00a0\u00bb button_one_border_color=\u00a0\u00bb#29cb8b\u00a0\u00bb button_one_letter_spacing=\u00a0\u00bb2px\u00a0\u00bb button_one_font=\u00a0\u00bbPoppins|600||on|||||\u00a0\u00bb button_one_icon=\u00a0\u00bb&#x24;||divi||400&Prime; custom_button_two=\u00a0\u00bbon\u00a0\u00bb button_two_text_size=\u00a0\u00bb14px\u00a0\u00bb button_two_text_color=\u00a0\u00bb#29cb8b\u00a0\u00bb button_two_bg_color=\u00a0\u00bb#ffffff\u00a0\u00bb button_two_border_width=\u00a0\u00bb12px\u00a0\u00bb button_two_border_color=\u00a0\u00bb#ffffff\u00a0\u00bb button_two_letter_spacing=\u00a0\u00bb2px\u00a0\u00bb button_two_font=\u00a0\u00bbPoppins|600||on|||||\u00a0\u00bb button_two_icon=\u00a0\u00bb&#x24;||divi||400&Prime; custom_padding=\u00a0\u00bb80px||18vw|\u00a0\u00bb content_font_size_last_edited=\u00a0\u00bboff|desktop\u00a0\u00bb subhead_font_size_tablet=\u00a0\u00bb40px\u00a0\u00bb subhead_font_size_phone=\u00a0\u00bb30px\u00a0\u00bb subhead_font_size_last_edited=\u00a0\u00bbon|desktop\u00a0\u00bb button_one_letter_spacing_hover=\u00a0\u00bb2px\u00a0\u00bb button_two_letter_spacing_hover=\u00a0\u00bb2px\u00a0\u00bb locked=\u00a0\u00bboff\u00a0\u00bb global_colors_info=\u00a0\u00bb{}\u00a0\u00bb button_one_text_size__hover_enabled=\u00a0\u00bboff\u00a0\u00bb button_two_text_size__hover_enabled=\u00a0\u00bboff\u00a0\u00bb button_one_text_color__hover_enabled=\u00a0\u00bboff\u00a0\u00bb button_two_text_color__hover_enabled=\u00a0\u00bboff\u00a0\u00bb button_one_border_width__hover_enabled=\u00a0\u00bboff\u00a0\u00bb button_two_border_width__hover_enabled=\u00a0\u00bboff\u00a0\u00bb button_one_border_color__hover_enabled=\u00a0\u00bboff\u00a0\u00bb button_two_border_color__hover_enabled=\u00a0\u00bboff\u00a0\u00bb button_one_border_radius__hover_enabled=\u00a0\u00bboff\u00a0\u00bb button_two_border_radius__hover_enabled=\u00a0\u00bboff\u00a0\u00bb button_one_letter_spacing__hover_enabled=\u00a0\u00bbon\u00a0\u00bb button_one_letter_spacing__hover=\u00a0\u00bb2px\u00a0\u00bb button_two_letter_spacing__hover_enabled=\u00a0\u00bbon\u00a0\u00bb button_two_letter_spacing__hover=\u00a0\u00bb2px\u00a0\u00bb button_one_bg_color__hover_enabled=\u00a0\u00bboff\u00a0\u00bb button_two_bg_color__hover_enabled=\u00a0\u00bboff\u00a0\u00bb][\/et_pb_fullwidth_header][\/et_pb_section][et_pb_section fb_built=\u00a0\u00bb1&Prime; _builder_version=\u00a0\u00bb4.16&Prime; custom_margin=\u00a0\u00bb||50px||false\u00a0\u00bb custom_margin_tablet=\u00a0\u00bb\u00a0\u00bb custom_margin_phone=\u00a0\u00bb||0px|\u00a0\u00bb custom_margin_last_edited=\u00a0\u00bbon|phone\u00a0\u00bb custom_padding=\u00a0\u00bb0px||0||false|false\u00a0\u00bb locked=\u00a0\u00bboff\u00a0\u00bb global_colors_info=\u00a0\u00bb{}\u00a0\u00bb][et_pb_row _builder_version=\u00a0\u00bb4.16&Prime; max_width=\u00a0\u00bb100%\u00a0\u00bb custom_margin=\u00a0\u00bb|||\u00a0\u00bb custom_padding=\u00a0\u00bb27px|0px|27px|0px|false|false\u00a0\u00bb use_custom_width=\u00a0\u00bbon\u00a0\u00bb width_unit=\u00a0\u00bboff\u00a0\u00bb custom_width_percent=\u00a0\u00bb100%\u00a0\u00bb global_colors_info=\u00a0\u00bb{}\u00a0\u00bb][et_pb_column type=\u00a0\u00bb4_4&Prime; _builder_version=\u00a0\u00bb4.16&Prime; custom_padding=\u00a0\u00bb0px|||\u00a0\u00bb global_colors_info=\u00a0\u00bb{}\u00a0\u00bb custom_padding__hover=\u00a0\u00bb|||\u00a0\u00bb][et_pb_text _builder_version=\u00a0\u00bb4.16&Prime; text_font=\u00a0\u00bbRaleway|800|||||||\u00a0\u00bb text_font_size=\u00a0\u00bb22vw\u00a0\u00bb text_line_height=\u00a0\u00bb0.8em\u00a0\u00bb header_font=\u00a0\u00bb||||||||\u00a0\u00bb background_layout=\u00a0\u00bbdark\u00a0\u00bb custom_margin=\u00a0\u00bb-15vw|||-2%\u00a0\u00bb custom_margin_tablet=\u00a0\u00bb-19vw|||\u00a0\u00bb custom_margin_phone=\u00a0\u00bb\u00a0\u00bb custom_margin_last_edited=\u00a0\u00bbon|tablet\u00a0\u00bb animation_style=\u00a0\u00bbslide\u00a0\u00bb animation_direction=\u00a0\u00bbbottom\u00a0\u00bb animation_intensity_slide=\u00a0\u00bb5%\u00a0\u00bb animation_starting_opacity=\u00a0\u00bb100%\u00a0\u00bb text_font_size_tablet=\u00a0\u00bb\u00a0\u00bb text_font_size_phone=\u00a0\u00bb\u00a0\u00bb text_font_size_last_edited=\u00a0\u00bbon|phone\u00a0\u00bb global_colors_info=\u00a0\u00bb{}\u00a0\u00bb]<\/p>\n<p>Jobs<\/p>\n<p>[\/et_pb_text][\/et_pb_column][\/et_pb_row][\/et_pb_section][et_pb_section fb_built=\u00a0\u00bb1&Prime; next_background_color=\u00a0\u00bb#f8fbfe\u00a0\u00bb admin_label=\u00a0\u00bbOpen Positions Section\u00a0\u00bb _builder_version=\u00a0\u00bb4.17.6&Prime; _module_preset=\u00a0\u00bbdefault\u00a0\u00bb background_color=\u00a0\u00bb#E6E6E6&Prime; custom_padding=\u00a0\u00bb40px|0px|100px|0px||\u00a0\u00bb bottom_divider_style=\u00a0\u00bbarrow3&Prime; global_colors_info=\u00a0\u00bb{}\u00a0\u00bb][et_pb_row _builder_version=\u00a0\u00bb4.16&Prime; _module_preset=\u00a0\u00bbdefault\u00a0\u00bb global_colors_info=\u00a0\u00bb{}\u00a0\u00bb][et_pb_column type=\u00a0\u00bb4_4&Prime; _builder_version=\u00a0\u00bb4.16&Prime; _module_preset=\u00a0\u00bbdefault\u00a0\u00bb custom_padding=\u00a0\u00bb|||\u00a0\u00bb global_colors_info=\u00a0\u00bb{}\u00a0\u00bb custom_padding__hover=\u00a0\u00bb|||\u00a0\u00bb][et_pb_text _builder_version=\u00a0\u00bb4.17.6&Prime; _module_preset=\u00a0\u00bbdefault\u00a0\u00bb text_text_color=\u00a0\u00bb#031931&Prime; header_text_color=\u00a0\u00bb#031931&Prime; custom_margin=\u00a0\u00bb|100px||100px|false|false\u00a0\u00bb custom_margin_tablet=\u00a0\u00bb|100px||100px|false|false\u00a0\u00bb custom_margin_phone=\u00a0\u00bb|30px||30px|false|false\u00a0\u00bb custom_margin_last_edited=\u00a0\u00bbon|phone\u00a0\u00bb text_font_size_tablet=\u00a0\u00bb\u00a0\u00bb text_font_size_phone=\u00a0\u00bb17px\u00a0\u00bb text_font_size_last_edited=\u00a0\u00bbon|phone\u00a0\u00bb locked=\u00a0\u00bboff\u00a0\u00bb global_colors_info=\u00a0\u00bb{}\u00a0\u00bb text_font_size__hover_enabled=\u00a0\u00bboff|desktop\u00a0\u00bb]<\/p>\n<p><strong><em>Nous sommes absolument d\u00e9termin\u00e9s \u00e0 mettre nos collaborateurs dans les meilleurs conditions de travail, de missions et de responsabilit\u00e9 au b\u00e9n\u00e9fice de nos int\u00e9r\u00eats mutuels.\u00a0<\/em><\/strong><\/p>\n<p>LVCim offre de<strong><span>\u00a0<\/span>vraies opportunit\u00e9s de carri\u00e8re et d\u2019\u00e9volution<\/strong><span>\u00a0<\/span>\u00e0 tous ceux qui partagent ses valeurs :<\/p>\n<ul>\n<li style=\"text-align: left;\"><span style=\"font-family: Arial;\"><strong>l\u2019innovation<\/strong>, notre raison d\u2019\u00eatre<\/span><\/li>\n<li style=\"text-align: left;\"><span style=\"font-family: Arial;\"><strong>la satisfaction client<\/strong>, notre credo<\/span><\/li>\n<li style=\"text-align: left;\"><span style=\"font-family: Arial;\"><strong>l\u2019agilit\u00e9<\/strong>, notre g\u00e9nome<\/span><\/li>\n<li style=\"text-align: left;\"><span style=\"font-family: Arial;\"><strong> l\u2019humain au coeur,<\/strong>\u00a0notre projet d\u2019entreprise\u00a0<\/span><\/li>\n<\/ul>\n<p><span class=\"Apple-converted-space\"><\/span><\/p>\n<p>[\/et_pb_text][\/et_pb_column][\/et_pb_row][\/et_pb_section][et_pb_section fb_built=\u00a0\u00bb1&Prime; admin_label=\u00a0\u00bbOpen Positions Section\u00a0\u00bb _builder_version=\u00a0\u00bb4.16&Prime; _module_preset=\u00a0\u00bbdefault\u00a0\u00bb background_color=\u00a0\u00bb#f8fbfe\u00a0\u00bb custom_padding=\u00a0\u00bb40px|0px|100px|0px||\u00a0\u00bb global_colors_info=\u00a0\u00bb{}\u00a0\u00bb][et_pb_row column_structure=\u00a0\u00bb1_2,1_2&Prime; _builder_version=\u00a0\u00bb4.16&Prime; _module_preset=\u00a0\u00bbdefault\u00a0\u00bb locked=\u00a0\u00bboff\u00a0\u00bb global_colors_info=\u00a0\u00bb{}\u00a0\u00bb][et_pb_column type=\u00a0\u00bb1_2&Prime; _builder_version=\u00a0\u00bb4.16&Prime; _module_preset=\u00a0\u00bbdefault\u00a0\u00bb global_colors_info=\u00a0\u00bb{}\u00a0\u00bb][et_pb_image src=\u00a0\u00bbhttps:\/\/lvcim.com\/wp-content\/uploads\/2023\/02\/job_recruitement_12.png\u00a0\u00bb show_bottom_space=\u00a0\u00bboff\u00a0\u00bb align_tablet=\u00a0\u00bbcenter\u00a0\u00bb align_phone=\u00a0\u00bbcenter\u00a0\u00bb align_last_edited=\u00a0\u00bbon|desktop\u00a0\u00bb _builder_version=\u00a0\u00bb4.16&Prime; max_width_tablet=\u00a0\u00bb300px\u00a0\u00bb max_width_phone=\u00a0\u00bb\u00a0\u00bb max_width_last_edited=\u00a0\u00bbon|tablet\u00a0\u00bb custom_margin=\u00a0\u00bb80px|||-20%\u00a0\u00bb custom_margin_tablet=\u00a0\u00bb0px|||0px\u00a0\u00bb custom_margin_phone=\u00a0\u00bb\u00a0\u00bb custom_margin_last_edited=\u00a0\u00bbon|desktop\u00a0\u00bb animation_style=\u00a0\u00bbslide\u00a0\u00bb animation_direction=\u00a0\u00bbleft\u00a0\u00bb animation_intensity_slide=\u00a0\u00bb6%\u00a0\u00bb locked=\u00a0\u00bboff\u00a0\u00bb global_colors_info=\u00a0\u00bb{}\u00a0\u00bb][\/et_pb_image][\/et_pb_column][et_pb_column type=\u00a0\u00bb1_2&Prime; _builder_version=\u00a0\u00bb4.16&Prime; _module_preset=\u00a0\u00bbdefault\u00a0\u00bb global_colors_info=\u00a0\u00bb{}\u00a0\u00bb][et_pb_text _builder_version=\u00a0\u00bb4.16&Prime; text_font=\u00a0\u00bb||||||||\u00a0\u00bb header_font=\u00a0\u00bb||||||||\u00a0\u00bb header_2_font=\u00a0\u00bbRaleway|700|||||||\u00a0\u00bb header_2_font_size=\u00a0\u00bb56px\u00a0\u00bb header_2_line_height=\u00a0\u00bb1.4em\u00a0\u00bb custom_margin=\u00a0\u00bb||20px|\u00a0\u00bb header_2_font_size_tablet=\u00a0\u00bb36px\u00a0\u00bb header_2_font_size_phone=\u00a0\u00bb\u00a0\u00bb header_2_font_size_last_edited=\u00a0\u00bbon|phone\u00a0\u00bb global_colors_info=\u00a0\u00bb{}\u00a0\u00bb]<\/p>\n<h2>Postes ouverts<\/h2>\n<p>[\/et_pb_text][et_pb_divider color=\u00a0\u00bb#29cb8b\u00a0\u00bb divider_weight=\u00a0\u00bb3px\u00a0\u00bb _builder_version=\u00a0\u00bb4.16&Prime; max_width=\u00a0\u00bb50px\u00a0\u00bb global_colors_info=\u00a0\u00bb{}\u00a0\u00bb][\/et_pb_divider][et_pb_blog fullwidth=\u00a0\u00bboff\u00a0\u00bb include_categories=\u00a0\u00bb9&Prime; show_thumbnail=\u00a0\u00bboff\u00a0\u00bb excerpt_length=\u00a0\u00bb0&Prime; show_more=\u00a0\u00bbon\u00a0\u00bb show_author=\u00a0\u00bboff\u00a0\u00bb show_date=\u00a0\u00bboff\u00a0\u00bb show_pagination=\u00a0\u00bboff\u00a0\u00bb masonry_tile_background_color=\u00a0\u00bb#FFFFFF\u00a0\u00bb _builder_version=\u00a0\u00bb4.25.2&Prime; _module_preset=\u00a0\u00bbdefault\u00a0\u00bb header_level=\u00a0\u00bbh4&Prime; header_font=\u00a0\u00bbVidaloka||||||||\u00a0\u00bb header_text_color=\u00a0\u00bb#161616&Prime; header_line_height=\u00a0\u00bb1.4em\u00a0\u00bb body_line_height=\u00a0\u00bb1.8em\u00a0\u00bb meta_font=\u00a0\u00bb|600|||||||\u00a0\u00bb meta_text_color=\u00a0\u00bb#E2C29D\u00a0\u00bb meta_font_size=\u00a0\u00bb12px\u00a0\u00bb meta_line_height=\u00a0\u00bb1.8em\u00a0\u00bb read_more_font=\u00a0\u00bbVidaloka||||on||||\u00a0\u00bb read_more_text_color=\u00a0\u00bb#161616&Prime; read_more_font_size=\u00a0\u00bb16px\u00a0\u00bb read_more_line_height=\u00a0\u00bb1.8em\u00a0\u00bb custom_padding=\u00a0\u00bb|||0px||\u00a0\u00bb hover_enabled=\u00a0\u00bb0&Prime; border_width_all=\u00a0\u00bb0px\u00a0\u00bb locked=\u00a0\u00bboff\u00a0\u00bb global_colors_info=\u00a0\u00bb{}\u00a0\u00bb sticky_enabled=\u00a0\u00bb0&Prime;][\/et_pb_blog][\/et_pb_column][\/et_pb_row][\/et_pb_section]<\/p>\n","protected":false},"excerpt":{"rendered":"<p>JobsNous sommes absolument d\u00e9termin\u00e9s \u00e0 mettre nos collaborateurs dans les meilleurs conditions de travail, de missions et de responsabilit\u00e9 au b\u00e9n\u00e9fice de nos int\u00e9r\u00eats mutuels.\u00a0 LVCim offre de\u00a0vraies opportunit\u00e9s de carri\u00e8re et d\u2019\u00e9volution\u00a0\u00e0 tous ceux qui partagent ses valeurs : l\u2019innovation, notre raison d\u2019\u00eatre la satisfaction client, notre credo l\u2019agilit\u00e9, notre g\u00e9nome l\u2019humain au coeur,\u00a0notre [&hellip;]<\/p>\n","protected":false},"author":1,"featured_media":0,"parent":0,"menu_order":0,"comment_status":"closed","ping_status":"closed","template":"","meta":{"_et_pb_use_builder":"on","_et_pb_old_content":"","_et_gb_content_width":"","footnotes":""},"class_list":["post-327","page","type-page","status-publish","hentry"],"yoast_head":"<!-- This site is optimized with the Yoast SEO plugin v27.4 - https:\/\/yoast.com\/product\/yoast-seo-wordpress\/ -->\n<title>LVCim - Recrutement<\/title>\n<meta name=\"description\" content=\"LVCim s&#039;engage \u00e0 trouver et \u00e0 placer les candidats dans les meilleurs r\u00f4les possibles en fonction de leurs int\u00e9r\u00eats.\" \/>\n<meta name=\"robots\" content=\"index, follow, max-snippet:-1, max-image-preview:large, max-video-preview:-1\" \/>\n<link rel=\"canonical\" href=\"https:\/\/lvcim.com\/en\/nous-recrutons\/\" \/>\n<meta property=\"og:locale\" content=\"en_GB\" \/>\n<meta property=\"og:type\" content=\"article\" \/>\n<meta property=\"og:title\" content=\"LVCim - Recrutement\" \/>\n<meta property=\"og:description\" content=\"LVCim s&#039;engage \u00e0 trouver et \u00e0 placer les candidats dans les meilleurs r\u00f4les possibles en fonction de leurs int\u00e9r\u00eats.\" \/>\n<meta property=\"og:url\" content=\"https:\/\/lvcim.com\/en\/nous-recrutons\/\" \/>\n<meta property=\"og:site_name\" content=\"LVCim\" \/>\n<meta property=\"article:modified_time\" content=\"2025-04-23T09:25:10+00:00\" \/>\n<meta name=\"twitter:card\" content=\"summary_large_image\" \/>\n<meta name=\"twitter:label1\" content=\"Estimated reading time\" \/>\n\t<meta name=\"twitter:data1\" content=\"2 minutes\" \/>\n<script type=\"application\/ld+json\" class=\"yoast-schema-graph\">{\"@context\":\"https:\\\/\\\/schema.org\",\"@graph\":[{\"@type\":\"WebPage\",\"@id\":\"https:\\\/\\\/lvcim.com\\\/nous-recrutons\\\/\",\"url\":\"https:\\\/\\\/lvcim.com\\\/nous-recrutons\\\/\",\"name\":\"LVCim - Recrutement\",\"isPartOf\":{\"@id\":\"https:\\\/\\\/lvcim.com\\\/#website\"},\"datePublished\":\"2022-06-27T14:01:23+00:00\",\"dateModified\":\"2025-04-23T09:25:10+00:00\",\"description\":\"LVCim s'engage \u00e0 trouver et \u00e0 placer les candidats dans les meilleurs r\u00f4les possibles en fonction de leurs int\u00e9r\u00eats.\",\"breadcrumb\":{\"@id\":\"https:\\\/\\\/lvcim.com\\\/nous-recrutons\\\/#breadcrumb\"},\"inLanguage\":\"en-GB\",\"potentialAction\":[{\"@type\":\"ReadAction\",\"target\":[\"https:\\\/\\\/lvcim.com\\\/nous-recrutons\\\/\"]}]},{\"@type\":\"BreadcrumbList\",\"@id\":\"https:\\\/\\\/lvcim.com\\\/nous-recrutons\\\/#breadcrumb\",\"itemListElement\":[{\"@type\":\"ListItem\",\"position\":1,\"name\":\"Accueil\",\"item\":\"https:\\\/\\\/lvcim.com\\\/\"},{\"@type\":\"ListItem\",\"position\":2,\"name\":\"RECRUTEMENT\"}]},{\"@type\":\"WebSite\",\"@id\":\"https:\\\/\\\/lvcim.com\\\/#website\",\"url\":\"https:\\\/\\\/lvcim.com\\\/\",\"name\":\"LVCim\",\"description\":\"\",\"inLanguage\":\"en-GB\"}]}<\/script>\n<!-- \/ Yoast SEO plugin. -->","yoast_head_json":{"title":"LVCim - Recrutement","description":"LVCim s'engage \u00e0 trouver et \u00e0 placer les candidats dans les meilleurs r\u00f4les possibles en fonction de leurs int\u00e9r\u00eats.","robots":{"index":"index","follow":"follow","max-snippet":"max-snippet:-1","max-image-preview":"max-image-preview:large","max-video-preview":"max-video-preview:-1"},"canonical":"https:\/\/lvcim.com\/en\/nous-recrutons\/","og_locale":"en_GB","og_type":"article","og_title":"LVCim - Recrutement","og_description":"LVCim s'engage \u00e0 trouver et \u00e0 placer les candidats dans les meilleurs r\u00f4les possibles en fonction de leurs int\u00e9r\u00eats.","og_url":"https:\/\/lvcim.com\/en\/nous-recrutons\/","og_site_name":"LVCim","article_modified_time":"2025-04-23T09:25:10+00:00","twitter_card":"summary_large_image","twitter_misc":{"Estimated reading time":"2 minutes"},"schema":{"@context":"https:\/\/schema.org","@graph":[{"@type":"WebPage","@id":"https:\/\/lvcim.com\/nous-recrutons\/","url":"https:\/\/lvcim.com\/nous-recrutons\/","name":"LVCim - Recrutement","isPartOf":{"@id":"https:\/\/lvcim.com\/#website"},"datePublished":"2022-06-27T14:01:23+00:00","dateModified":"2025-04-23T09:25:10+00:00","description":"LVCim s'engage \u00e0 trouver et \u00e0 placer les candidats dans les meilleurs r\u00f4les possibles en fonction de leurs int\u00e9r\u00eats.","breadcrumb":{"@id":"https:\/\/lvcim.com\/nous-recrutons\/#breadcrumb"},"inLanguage":"en-GB","potentialAction":[{"@type":"ReadAction","target":["https:\/\/lvcim.com\/nous-recrutons\/"]}]},{"@type":"BreadcrumbList","@id":"https:\/\/lvcim.com\/nous-recrutons\/#breadcrumb","itemListElement":[{"@type":"ListItem","position":1,"name":"Accueil","item":"https:\/\/lvcim.com\/"},{"@type":"ListItem","position":2,"name":"RECRUTEMENT"}]},{"@type":"WebSite","@id":"https:\/\/lvcim.com\/#website","url":"https:\/\/lvcim.com\/","name":"LVCim","description":"","inLanguage":"en-GB"}]}},"_links":{"self":[{"href":"https:\/\/lvcim.com\/en\/wp-json\/wp\/v2\/pages\/327","targetHints":{"allow":["GET"]}}],"collection":[{"href":"https:\/\/lvcim.com\/en\/wp-json\/wp\/v2\/pages"}],"about":[{"href":"https:\/\/lvcim.com\/en\/wp-json\/wp\/v2\/types\/page"}],"author":[{"embeddable":true,"href":"https:\/\/lvcim.com\/en\/wp-json\/wp\/v2\/users\/1"}],"replies":[{"embeddable":true,"href":"https:\/\/lvcim.com\/en\/wp-json\/wp\/v2\/comments?post=327"}],"version-history":[{"count":34,"href":"https:\/\/lvcim.com\/en\/wp-json\/wp\/v2\/pages\/327\/revisions"}],"predecessor-version":[{"id":2008,"href":"https:\/\/lvcim.com\/en\/wp-json\/wp\/v2\/pages\/327\/revisions\/2008"}],"wp:attachment":[{"href":"https:\/\/lvcim.com\/en\/wp-json\/wp\/v2\/media?parent=327"}],"curies":[{"name":"wp","href":"https:\/\/api.w.org\/{rel}","templated":true}]}}